{"id":4852,"date":"2025-04-28T06:32:11","date_gmt":"2025-04-28T06:32:11","guid":{"rendered":"https:\/\/tradefoxapp.com\/?page_id=4852"},"modified":"2026-03-26T09:16:09","modified_gmt":"2026-03-26T09:16:09","slug":"electrician","status":"publish","type":"page","link":"https:\/\/tradefoxapp.com\/fr\/courses\/electrician\/","title":{"rendered":"\u00c9lectricien"},"content":{"rendered":"<div data-elementor-type=\"wp-page\" data-elementor-id=\"4852\" class=\"elementor elementor-4852\" data-elementor-post-type=\"page\">\n\t\t\t\t<div class=\"elementor-element elementor-element-d7ba113 e-flex e-con-boxed e-con e-parent\" data-id=\"d7ba113\" data-element_type=\"container\" data-e-type=\"container\">\n\t\t\t\t\t<div class=\"e-con-inner\">\n\t\t\t\t<div class=\"elementor-element elementor-element-ce86346 elementor-position-left elementor-vertical-align-middle elementor-position-top elementor-widget elementor-widget-image-box\" data-id=\"ce86346\" data-element_type=\"widget\" data-e-type=\"widget\" data-widget_type=\"image-box.default\">\n\t\t\t\t<div class=\"elementor-widget-container\">\n\t\t\t\t\t<div class=\"elementor-image-box-wrapper\"><figure class=\"elementor-image-box-img\"><img fetchpriority=\"high\" decoding=\"async\" width=\"498\" height=\"421\" src=\"https:\/\/tradefoxapp.com\/wp-content\/uploads\/2025\/04\/Safe-Isolation.png\" class=\"attachment-full size-full wp-image-4888\" alt=\"Safe Isolation icon\" srcset=\"https:\/\/tradefoxapp.com\/wp-content\/uploads\/2025\/04\/Safe-Isolation.png 498w, https:\/\/tradefoxapp.com\/wp-content\/uploads\/2025\/04\/Safe-Isolation-300x254.png 300w\" sizes=\"(max-width: 498px) 100vw, 498px\" \/><\/figure><div class=\"elementor-image-box-content\"><h1 class=\"elementor-image-box-title\">ISOLATION S\u00c9CURITAIRE<\/h1><\/div><\/div>\t\t\t\t<\/div>\n\t\t\t\t<\/div>\n\t\t\t\t\t<\/div>\n\t\t\t\t<\/div>\n\t\t<div class=\"elementor-element elementor-element-a955563 e-flex e-con-boxed e-con e-parent\" data-id=\"a955563\" data-element_type=\"container\" data-e-type=\"container\">\n\t\t\t\t\t<div class=\"e-con-inner\">\n\t\t<div class=\"elementor-element elementor-element-1b88f0e e-con-full e-flex e-con e-child\" data-id=\"1b88f0e\" data-element_type=\"container\" data-e-type=\"container\" data-settings=\"{&quot;background_background&quot;:&quot;classic&quot;}\">\n\t\t\t\t<div class=\"elementor-element elementor-element-94f141f elementor-widget elementor-widget-spacer\" data-id=\"94f141f\" data-element_type=\"widget\" data-e-type=\"widget\" data-widget_type=\"spacer.default\">\n\t\t\t\t<div class=\"elementor-widget-container\">\n\t\t\t\t\t\t\t<div class=\"elementor-spacer\">\n\t\t\t<div class=\"elementor-spacer-inner\"><\/div>\n\t\t<\/div>\n\t\t\t\t\t\t<\/div>\n\t\t\t\t<\/div>\n\t\t\t\t<\/div>\n\t\t<div class=\"elementor-element elementor-element-c1bca0e e-con-full e-flex e-con e-child\" data-id=\"c1bca0e\" data-element_type=\"container\" data-e-type=\"container\" data-settings=\"{&quot;background_background&quot;:&quot;classic&quot;}\">\n\t\t\t\t<div class=\"elementor-element elementor-element-f9a5060 elementor-widget elementor-widget-text-editor\" data-id=\"f9a5060\" data-element_type=\"widget\" data-e-type=\"widget\" data-widget_type=\"text-editor.default\">\n\t\t\t\t<div class=\"elementor-widget-container\">\n\t\t\t\t\t\t\t\t\t<p>Commencez votre parcours \u00e9lectrique en apprenant \u00e0 vous isoler en toute s\u00e9curit\u00e9 gr\u00e2ce \u00e0 notre formation par simulation prim\u00e9e. Explorez les bases de la s\u00e9curit\u00e9 \u00e9lectrique et ma\u00eetrisez les comp\u00e9tences cl\u00e9s qui vous prot\u00e9geront tout au long de votre carri\u00e8re d'\u00e9lectricien.<\/p>\t\t\t\t\t\t\t\t<\/div>\n\t\t\t\t<\/div>\n\t\t\t\t<div class=\"elementor-element elementor-element-7786259 elementor-align-right button-section elementor-widget elementor-widget-button\" data-id=\"7786259\" data-element_type=\"widget\" data-e-type=\"widget\" data-widget_type=\"button.default\">\n\t\t\t\t<div class=\"elementor-widget-container\">\n\t\t\t\t\t\t\t\t\t<div class=\"elementor-button-wrapper\">\n\t\t\t\t\t<a class=\"elementor-button elementor-button-link elementor-size-sm\" href=\"https:\/\/tradefoxapp.com\/fr\/courses\/electrician\/safe-isolation\/\">\n\t\t\t\t\t\t<span class=\"elementor-button-content-wrapper\">\n\t\t\t\t\t\t\t\t\t<span class=\"elementor-button-text\">En savoir plus<\/span>\n\t\t\t\t\t<\/span>\n\t\t\t\t\t<\/a>\n\t\t\t\t<\/div>\n\t\t\t\t\t\t\t\t<\/div>\n\t\t\t\t<\/div>\n\t\t\t\t<\/div>\n\t\t\t\t\t<\/div>\n\t\t\t\t<\/div>\n\t\t<div class=\"elementor-element elementor-element-038e5dc e-flex e-con-boxed e-con e-parent\" data-id=\"038e5dc\" data-element_type=\"container\" data-e-type=\"container\">\n\t\t\t\t\t<div class=\"e-con-inner\">\n\t\t\t\t<div class=\"elementor-element elementor-element-fbb3112 elementor-position-left elementor-vertical-align-middle elementor-position-top elementor-widget elementor-widget-image-box\" data-id=\"fbb3112\" data-element_type=\"widget\" data-e-type=\"widget\" data-widget_type=\"image-box.default\">\n\t\t\t\t<div class=\"elementor-widget-container\">\n\t\t\t\t\t<div class=\"elementor-image-box-wrapper\"><figure class=\"elementor-image-box-img\"><img decoding=\"async\" width=\"506\" height=\"438\" src=\"https:\/\/tradefoxapp.com\/wp-content\/uploads\/2025\/09\/Basic-wiring-icon.png\" class=\"attachment-full size-full wp-image-8756\" alt=\"Basic wiring icon\" srcset=\"https:\/\/tradefoxapp.com\/wp-content\/uploads\/2025\/09\/Basic-wiring-icon.png 506w, https:\/\/tradefoxapp.com\/wp-content\/uploads\/2025\/09\/Basic-wiring-icon-300x260.png 300w\" sizes=\"(max-width: 506px) 100vw, 506px\" \/><\/figure><div class=\"elementor-image-box-content\"><h3 class=\"elementor-image-box-title\">C\u00c2BLAGE DE BASE<\/h3><\/div><\/div>\t\t\t\t<\/div>\n\t\t\t\t<\/div>\n\t\t\t\t\t<\/div>\n\t\t\t\t<\/div>\n\t\t<div class=\"elementor-element elementor-element-51df4f5 e-flex e-con-boxed e-con e-parent\" data-id=\"51df4f5\" data-element_type=\"container\" data-e-type=\"container\">\n\t\t\t\t\t<div class=\"e-con-inner\">\n\t\t<div class=\"elementor-element elementor-element-c23ff7e e-con-full e-flex e-con e-child\" data-id=\"c23ff7e\" data-element_type=\"container\" data-e-type=\"container\" data-settings=\"{&quot;background_background&quot;:&quot;classic&quot;}\">\n\t\t\t\t<div class=\"elementor-element elementor-element-a42d823 elementor-widget elementor-widget-spacer\" data-id=\"a42d823\" data-element_type=\"widget\" data-e-type=\"widget\" data-widget_type=\"spacer.default\">\n\t\t\t\t<div class=\"elementor-widget-container\">\n\t\t\t\t\t\t\t<div class=\"elementor-spacer\">\n\t\t\t<div class=\"elementor-spacer-inner\"><\/div>\n\t\t<\/div>\n\t\t\t\t\t\t<\/div>\n\t\t\t\t<\/div>\n\t\t\t\t<\/div>\n\t\t<div class=\"elementor-element elementor-element-275a874 e-con-full e-flex e-con e-child\" data-id=\"275a874\" data-element_type=\"container\" data-e-type=\"container\" data-settings=\"{&quot;background_background&quot;:&quot;classic&quot;}\">\n\t\t\t\t<div class=\"elementor-element elementor-element-8e8181d elementor-widget elementor-widget-text-editor\" data-id=\"8e8181d\" data-element_type=\"widget\" data-e-type=\"widget\" data-widget_type=\"text-editor.default\">\n\t\t\t\t<div class=\"elementor-widget-container\">\n\t\t\t\t\t\t\t\t\t<p>Faites vos premiers pas dans le domaine du c\u00e2blage gr\u00e2ce \u00e0 notre formation pratique. Vous gagnerez en confiance en explorant les \u00e9l\u00e9ments essentiels du c\u00e2blage \u00e9lectrique de base, du simple d\u00e9nudage de c\u00e2ble au c\u00e2blage d'un interrupteur \u00e0 deux voies et d'un interrupteur interm\u00e9diaire. D\u00e9veloppez les comp\u00e9tences de base qui constituent le fondement de chaque installation et pr\u00e9parez-vous \u00e0 r\u00e9ussir dans votre carri\u00e8re d'\u00e9lectricien.<\/p>\t\t\t\t\t\t\t\t<\/div>\n\t\t\t\t<\/div>\n\t\t\t\t<div class=\"elementor-element elementor-element-3a75b32 elementor-align-right button-section elementor-widget elementor-widget-button\" data-id=\"3a75b32\" data-element_type=\"widget\" data-e-type=\"widget\" data-widget_type=\"button.default\">\n\t\t\t\t<div class=\"elementor-widget-container\">\n\t\t\t\t\t\t\t\t\t<div class=\"elementor-button-wrapper\">\n\t\t\t\t\t<a class=\"elementor-button elementor-button-link elementor-size-sm\" href=\"#\">\n\t\t\t\t\t\t<span class=\"elementor-button-content-wrapper\">\n\t\t\t\t\t\t\t\t\t<span class=\"elementor-button-text\">En savoir plus<\/span>\n\t\t\t\t\t<\/span>\n\t\t\t\t\t<\/a>\n\t\t\t\t<\/div>\n\t\t\t\t\t\t\t\t<\/div>\n\t\t\t\t<\/div>\n\t\t\t\t<\/div>\n\t\t\t\t\t<\/div>\n\t\t\t\t<\/div>\n\t\t\t\t<\/div>","protected":false},"excerpt":{"rendered":"<p>SAFE ISOLATION Begin your electrical journey by learning safe isolation with our award winning simulation training. Explore the basics of electrical safety and master the key skills that will protect you throughout your electrical career. Learn More BASIC WIRING Take your first steps into wiring with our hands on training. Build confidence as you explore [&hellip;]<\/p>\n","protected":false},"author":1,"featured_media":0,"parent":2516,"menu_order":0,"comment_status":"closed","ping_status":"closed","template":"elementor_header_footer","meta":{"site-sidebar-layout":"no-sidebar","site-content-layout":"page-builder","ast-site-content-layout":"full-width-container","site-content-style":"default","site-sidebar-style":"default","ast-global-header-display":"","ast-banner-title-visibility":"","ast-main-header-display":"","ast-hfb-above-header-display":"","ast-hfb-below-header-display":"","ast-hfb-mobile-header-display":"","site-post-title":"disabled","ast-breadcrumbs-content":"","ast-featured-img":"disabled","footer-sml-layout":"","ast-disable-related-posts":"","theme-transparent-header-meta":"default","adv-header-id-meta":"","stick-header-meta":"","header-above-stick-meta":"","header-main-stick-meta":"","header-below-stick-meta":"","astra-migrate-meta-layouts":"set","ast-page-background-enabled":"default","ast-page-background-meta":{"desktop":{"background-color":"","background-image":"","background-repeat":"repeat","background-position":"center center","background-size":"auto","background-attachment":"scroll","background-type":"","background-media":"","overlay-type":"","overlay-color":"","overlay-opacity":"","overlay-gradient":""},"tablet":{"background-color":"","background-image":"","background-repeat":"repeat","background-position":"center center","background-size":"auto","background-attachment":"scroll","background-type":"","background-media":"","overlay-type":"","overlay-color":"","overlay-opacity":"","overlay-gradient":""},"mobile":{"background-color":"","background-image":"","background-repeat":"repeat","background-position":"center center","background-size":"auto","background-attachment":"scroll","background-type":"","background-media":"","overlay-type":"","overlay-color":"","overlay-opacity":"","overlay-gradient":""}},"ast-content-background-meta":{"desktop":{"background-color":"var(--ast-global-color-5)","background-image":"","background-repeat":"repeat","background-position":"center center","background-size":"auto","background-attachment":"scroll","background-type":"","background-media":"","overlay-type":"","overlay-color":"","overlay-opacity":"","overlay-gradient":""},"tablet":{"background-color":"var(--ast-global-color-5)","background-image":"","background-repeat":"repeat","background-position":"center center","background-size":"auto","background-attachment":"scroll","background-type":"","background-media":"","overlay-type":"","overlay-color":"","overlay-opacity":"","overlay-gradient":""},"mobile":{"background-color":"var(--ast-global-color-5)","background-image":"","background-repeat":"repeat","background-position":"center center","background-size":"auto","background-attachment":"scroll","background-type":"","background-media":"","overlay-type":"","overlay-color":"","overlay-opacity":"","overlay-gradient":""}},"_glsr_average":0,"_glsr_ranking":0,"_glsr_reviews":0,"footnotes":""},"class_list":["post-4852","page","type-page","status-publish","hentry"],"yoast_head":"<!-- This site is optimized with the Yoast SEO plugin v27.5 - https:\/\/yoast.com\/product\/yoast-seo-wordpress\/ -->\n<title>Electrician Course | Tradefox Skills &amp; Training Program<\/title>\n<meta name=\"description\" content=\"Join our electrician course and gain practical skills with expert training. Start your career with hands-on learning and certification.\" \/>\n<meta name=\"robots\" content=\"index, follow, max-snippet:-1, max-image-preview:large, max-video-preview:-1\" \/>\n<link rel=\"canonical\" href=\"https:\/\/tradefoxapp.com\/fr\/courses\/electrician\/\" \/>\n<meta property=\"og:locale\" content=\"fr_FR\" \/>\n<meta property=\"og:type\" content=\"article\" \/>\n<meta property=\"og:title\" content=\"Electrician Course | Tradefox Skills &amp; Training Program\" \/>\n<meta property=\"og:description\" content=\"Join our electrician course and gain practical skills with expert training. Start your career with hands-on learning and certification.\" \/>\n<meta property=\"og:url\" content=\"https:\/\/tradefoxapp.com\/fr\/courses\/electrician\/\" \/>\n<meta property=\"og:site_name\" content=\"Tradefox | Construction Training Online\" \/>\n<meta property=\"article:publisher\" content=\"https:\/\/www.facebook.com\/profile.php?id=61561067514381\" \/>\n<meta property=\"article:modified_time\" content=\"2026-03-26T09:16:09+00:00\" \/>\n<meta property=\"og:image\" content=\"https:\/\/tradefoxapp.com\/wp-content\/uploads\/2025\/04\/Safe-Isolation.png\" \/>\n<meta name=\"twitter:card\" content=\"summary_large_image\" \/>\n<meta name=\"twitter:site\" content=\"@Tradefox_app\" \/>\n<meta name=\"twitter:label1\" content=\"Dur\u00e9e de lecture estim\u00e9e\" \/>\n\t<meta name=\"twitter:data1\" content=\"1 minute\" \/>\n<script type=\"application\/ld+json\" class=\"yoast-schema-graph\">{\"@context\":\"https:\\\/\\\/schema.org\",\"@graph\":[{\"@type\":\"WebPage\",\"@id\":\"https:\\\/\\\/tradefoxapp.com\\\/courses\\\/electrician\\\/\",\"url\":\"https:\\\/\\\/tradefoxapp.com\\\/courses\\\/electrician\\\/\",\"name\":\"Electrician Course | Tradefox Skills & Training Program\",\"isPartOf\":{\"@id\":\"https:\\\/\\\/tradefoxapp.com\\\/#website\"},\"primaryImageOfPage\":{\"@id\":\"https:\\\/\\\/tradefoxapp.com\\\/courses\\\/electrician\\\/#primaryimage\"},\"image\":{\"@id\":\"https:\\\/\\\/tradefoxapp.com\\\/courses\\\/electrician\\\/#primaryimage\"},\"thumbnailUrl\":\"https:\\\/\\\/tradefoxapp.com\\\/wp-content\\\/uploads\\\/2025\\\/04\\\/Safe-Isolation.png\",\"datePublished\":\"2025-04-28T06:32:11+00:00\",\"dateModified\":\"2026-03-26T09:16:09+00:00\",\"description\":\"Join our electrician course and gain practical skills with expert training. Start your career with hands-on learning and certification.\",\"breadcrumb\":{\"@id\":\"https:\\\/\\\/tradefoxapp.com\\\/courses\\\/electrician\\\/#breadcrumb\"},\"inLanguage\":\"fr-FR\",\"potentialAction\":[{\"@type\":\"ReadAction\",\"target\":[\"https:\\\/\\\/tradefoxapp.com\\\/courses\\\/electrician\\\/\"]}]},{\"@type\":\"ImageObject\",\"inLanguage\":\"fr-FR\",\"@id\":\"https:\\\/\\\/tradefoxapp.com\\\/courses\\\/electrician\\\/#primaryimage\",\"url\":\"https:\\\/\\\/tradefoxapp.com\\\/wp-content\\\/uploads\\\/2025\\\/04\\\/Safe-Isolation.png\",\"contentUrl\":\"https:\\\/\\\/tradefoxapp.com\\\/wp-content\\\/uploads\\\/2025\\\/04\\\/Safe-Isolation.png\"},{\"@type\":\"BreadcrumbList\",\"@id\":\"https:\\\/\\\/tradefoxapp.com\\\/courses\\\/electrician\\\/#breadcrumb\",\"itemListElement\":[{\"@type\":\"ListItem\",\"position\":1,\"name\":\"Home\",\"item\":\"https:\\\/\\\/tradefoxapp.com\\\/\"},{\"@type\":\"ListItem\",\"position\":2,\"name\":\"Courses\",\"item\":\"https:\\\/\\\/tradefoxapp.com\\\/courses\\\/\"},{\"@type\":\"ListItem\",\"position\":3,\"name\":\"Electrician\"}]},{\"@type\":\"WebSite\",\"@id\":\"https:\\\/\\\/tradefoxapp.com\\\/#website\",\"url\":\"https:\\\/\\\/tradefoxapp.com\\\/\",\"name\":\"Tradefox | Construction Training Online\",\"description\":\"\",\"publisher\":{\"@id\":\"https:\\\/\\\/tradefoxapp.com\\\/#organization\"},\"potentialAction\":[{\"@type\":\"SearchAction\",\"target\":{\"@type\":\"EntryPoint\",\"urlTemplate\":\"https:\\\/\\\/tradefoxapp.com\\\/?s={search_term_string}\"},\"query-input\":{\"@type\":\"PropertyValueSpecification\",\"valueRequired\":true,\"valueName\":\"search_term_string\"}}],\"inLanguage\":\"fr-FR\"},{\"@type\":\"Organization\",\"@id\":\"https:\\\/\\\/tradefoxapp.com\\\/#organization\",\"name\":\"Tradefox | Construction Training Online\",\"url\":\"https:\\\/\\\/tradefoxapp.com\\\/\",\"logo\":{\"@type\":\"ImageObject\",\"inLanguage\":\"fr-FR\",\"@id\":\"https:\\\/\\\/tradefoxapp.com\\\/#\\\/schema\\\/logo\\\/image\\\/\",\"url\":\"https:\\\/\\\/tradefoxapp.com\\\/wp-content\\\/uploads\\\/2026\\\/03\\\/logo-transperent.png\",\"contentUrl\":\"https:\\\/\\\/tradefoxapp.com\\\/wp-content\\\/uploads\\\/2026\\\/03\\\/logo-transperent.png\",\"width\":1024,\"height\":208,\"caption\":\"Tradefox | Construction Training Online\"},\"image\":{\"@id\":\"https:\\\/\\\/tradefoxapp.com\\\/#\\\/schema\\\/logo\\\/image\\\/\"},\"sameAs\":[\"https:\\\/\\\/www.facebook.com\\\/profile.php?id=61561067514381\",\"https:\\\/\\\/x.com\\\/Tradefox_app\",\"https:\\\/\\\/www.instagram.com\\\/tradefoxapp\\\/\",\"https:\\\/\\\/www.linkedin.com\\\/company\\\/tradefox-ltd\\\/\"]}]}<\/script>\n<!-- \/ Yoast SEO plugin. -->","yoast_head_json":{"title":"Electrician Course | Tradefox Skills & Training Program","description":"Join our electrician course and gain practical skills with expert training. Start your career with hands-on learning and certification.","robots":{"index":"index","follow":"follow","max-snippet":"max-snippet:-1","max-image-preview":"max-image-preview:large","max-video-preview":"max-video-preview:-1"},"canonical":"https:\/\/tradefoxapp.com\/fr\/courses\/electrician\/","og_locale":"fr_FR","og_type":"article","og_title":"Electrician Course | Tradefox Skills & Training Program","og_description":"Join our electrician course and gain practical skills with expert training. Start your career with hands-on learning and certification.","og_url":"https:\/\/tradefoxapp.com\/fr\/courses\/electrician\/","og_site_name":"Tradefox | Construction Training Online","article_publisher":"https:\/\/www.facebook.com\/profile.php?id=61561067514381","article_modified_time":"2026-03-26T09:16:09+00:00","og_image":[{"url":"https:\/\/tradefoxapp.com\/wp-content\/uploads\/2025\/04\/Safe-Isolation.png","type":"","width":"","height":""}],"twitter_card":"summary_large_image","twitter_site":"@Tradefox_app","twitter_misc":{"Dur\u00e9e de lecture estim\u00e9e":"1 minute"},"schema":{"@context":"https:\/\/schema.org","@graph":[{"@type":"WebPage","@id":"https:\/\/tradefoxapp.com\/courses\/electrician\/","url":"https:\/\/tradefoxapp.com\/courses\/electrician\/","name":"Electrician Course | Tradefox Skills & Training Program","isPartOf":{"@id":"https:\/\/tradefoxapp.com\/#website"},"primaryImageOfPage":{"@id":"https:\/\/tradefoxapp.com\/courses\/electrician\/#primaryimage"},"image":{"@id":"https:\/\/tradefoxapp.com\/courses\/electrician\/#primaryimage"},"thumbnailUrl":"https:\/\/tradefoxapp.com\/wp-content\/uploads\/2025\/04\/Safe-Isolation.png","datePublished":"2025-04-28T06:32:11+00:00","dateModified":"2026-03-26T09:16:09+00:00","description":"Join our electrician course and gain practical skills with expert training. Start your career with hands-on learning and certification.","breadcrumb":{"@id":"https:\/\/tradefoxapp.com\/courses\/electrician\/#breadcrumb"},"inLanguage":"fr-FR","potentialAction":[{"@type":"ReadAction","target":["https:\/\/tradefoxapp.com\/courses\/electrician\/"]}]},{"@type":"ImageObject","inLanguage":"fr-FR","@id":"https:\/\/tradefoxapp.com\/courses\/electrician\/#primaryimage","url":"https:\/\/tradefoxapp.com\/wp-content\/uploads\/2025\/04\/Safe-Isolation.png","contentUrl":"https:\/\/tradefoxapp.com\/wp-content\/uploads\/2025\/04\/Safe-Isolation.png"},{"@type":"BreadcrumbList","@id":"https:\/\/tradefoxapp.com\/courses\/electrician\/#breadcrumb","itemListElement":[{"@type":"ListItem","position":1,"name":"Home","item":"https:\/\/tradefoxapp.com\/"},{"@type":"ListItem","position":2,"name":"Courses","item":"https:\/\/tradefoxapp.com\/courses\/"},{"@type":"ListItem","position":3,"name":"Electrician"}]},{"@type":"WebSite","@id":"https:\/\/tradefoxapp.com\/#website","url":"https:\/\/tradefoxapp.com\/","name":"Tradefox | Formation en construction en ligne","description":"","publisher":{"@id":"https:\/\/tradefoxapp.com\/#organization"},"potentialAction":[{"@type":"SearchAction","target":{"@type":"EntryPoint","urlTemplate":"https:\/\/tradefoxapp.com\/?s={search_term_string}"},"query-input":{"@type":"PropertyValueSpecification","valueRequired":true,"valueName":"search_term_string"}}],"inLanguage":"fr-FR"},{"@type":"Organization","@id":"https:\/\/tradefoxapp.com\/#organization","name":"Tradefox | Formation en construction en ligne","url":"https:\/\/tradefoxapp.com\/","logo":{"@type":"ImageObject","inLanguage":"fr-FR","@id":"https:\/\/tradefoxapp.com\/#\/schema\/logo\/image\/","url":"https:\/\/tradefoxapp.com\/wp-content\/uploads\/2026\/03\/logo-transperent.png","contentUrl":"https:\/\/tradefoxapp.com\/wp-content\/uploads\/2026\/03\/logo-transperent.png","width":1024,"height":208,"caption":"Tradefox | Construction Training Online"},"image":{"@id":"https:\/\/tradefoxapp.com\/#\/schema\/logo\/image\/"},"sameAs":["https:\/\/www.facebook.com\/profile.php?id=61561067514381","https:\/\/x.com\/Tradefox_app","https:\/\/www.instagram.com\/tradefoxapp\/","https:\/\/www.linkedin.com\/company\/tradefox-ltd\/"]}]}},"_links":{"self":[{"href":"https:\/\/tradefoxapp.com\/fr\/wp-json\/wp\/v2\/pages\/4852","targetHints":{"allow":["GET"]}}],"collection":[{"href":"https:\/\/tradefoxapp.com\/fr\/wp-json\/wp\/v2\/pages"}],"about":[{"href":"https:\/\/tradefoxapp.com\/fr\/wp-json\/wp\/v2\/types\/page"}],"author":[{"embeddable":true,"href":"https:\/\/tradefoxapp.com\/fr\/wp-json\/wp\/v2\/users\/1"}],"replies":[{"embeddable":true,"href":"https:\/\/tradefoxapp.com\/fr\/wp-json\/wp\/v2\/comments?post=4852"}],"version-history":[{"count":168,"href":"https:\/\/tradefoxapp.com\/fr\/wp-json\/wp\/v2\/pages\/4852\/revisions"}],"predecessor-version":[{"id":16435,"href":"https:\/\/tradefoxapp.com\/fr\/wp-json\/wp\/v2\/pages\/4852\/revisions\/16435"}],"up":[{"embeddable":true,"href":"https:\/\/tradefoxapp.com\/fr\/wp-json\/wp\/v2\/pages\/2516"}],"wp:attachment":[{"href":"https:\/\/tradefoxapp.com\/fr\/wp-json\/wp\/v2\/media?parent=4852"}],"curies":[{"name":"wp","href":"https:\/\/api.w.org\/{rel}","templated":true}]}}